{"id":13796,"date":"2024-02-28T13:58:11","date_gmt":"2024-02-28T12:58:11","guid":{"rendered":"https:\/\/www.carsauto.es\/?page_id=13796"},"modified":"2024-08-12T12:20:23","modified_gmt":"2024-08-12T10:20:23","slug":"workshop","status":"publish","type":"page","link":"https:\/\/carsauto.es\/en\/workshop\/","title":{"rendered":"Workshop"},"content":{"rendered":"<div data-elementor-type=\"wp-page\" data-elementor-id=\"13796\" class=\"elementor elementor-13796\">\n\t\t\t\t\t\t<section class=\"elementor-section elementor-top-section elementor-element elementor-element-ac8fc8a elementor-section-full_width elementor-section-height-default elementor-section-height-default\" data-id=\"ac8fc8a\" data-element_type=\"section\">\n\t\t\t\t\t\t<div class=\"elementor-container elementor-column-gap-default\">\n\t\t\t\t\t<div class=\"elementor-column elementor-col-100 elementor-top-column elementor-element elementor-element-1a00de5\" data-id=\"1a00de5\" data-element_type=\"column\">\n\t\t\t<div class=\"elementor-widget-wrap elementor-element-populated\">\n\t\t\t\t\t\t<div class=\"elementor-element elementor-element-18a6695 elementor-widget__width-auto elementor-widget-mobile__width-auto elementor-widget elementor-widget-breadcrumbs\" data-id=\"18a6695\" data-element_type=\"widget\" data-widget_type=\"breadcrumbs.default\">\n\t\t\t\t<div class=\"elementor-widget-container\">\n\t\t\t\t\t \t\t\t\t<\/div>\n\t\t\t\t<\/div>\n\t\t\t\t<div class=\"elementor-element elementor-element-ffcf50c elementor-invisible elementor-widget elementor-widget-heading\" data-id=\"ffcf50c\" data-element_type=\"widget\" data-settings=\"{&quot;_animation&quot;:&quot;fadeInUp&quot;}\" data-widget_type=\"heading.default\">\n\t\t\t\t<div class=\"elementor-widget-container\">\n\t\t\t\t\t<h1 class=\"elementor-heading-title elementor-size-default\">YOUR TRUSTED WORKSHOP<\/h1>\t\t\t\t<\/div>\n\t\t\t\t<\/div>\n\t\t\t\t<div class=\"elementor-element elementor-element-b8ef518 elementor-widget-divider--view-line elementor-widget elementor-widget-divider\" data-id=\"b8ef518\" data-element_type=\"widget\" data-widget_type=\"divider.default\">\n\t\t\t\t<div class=\"elementor-widget-container\">\n\t\t\t\t\t\t\t<div class=\"elementor-divider\">\n\t\t\t<span class=\"elementor-divider-separator\">\n\t\t\t\t\t\t<\/span>\n\t\t<\/div>\n\t\t\t\t\t\t<\/div>\n\t\t\t\t<\/div>\n\t\t\t\t\t<\/div>\n\t\t<\/div>\n\t\t\t\t\t<\/div>\n\t\t<\/section>\n\t\t\t\t<section class=\"elementor-section elementor-top-section elementor-element elementor-element-1206908 elementor-section-boxed elementor-section-height-default elementor-section-height-default\" data-id=\"1206908\" data-element_type=\"section\">\n\t\t\t\t\t\t<div class=\"elementor-container elementor-column-gap-default\">\n\t\t\t\t\t<div class=\"elementor-column elementor-col-100 elementor-top-column elementor-element elementor-element-4b83243\" data-id=\"4b83243\" data-element_type=\"column\">\n\t\t\t<div class=\"elementor-widget-wrap elementor-element-populated\">\n\t\t\t\t\t\t<div class=\"elementor-element elementor-element-ff72e55 elementor-widget elementor-widget-text-editor\" data-id=\"ff72e55\" data-element_type=\"widget\" data-widget_type=\"text-editor.default\">\n\t\t\t\t<div class=\"elementor-widget-container\">\n\t\t\t\t\t\t\t\t\t<p>CARSAUTO is a multi-brand automobile workshop specialized in AUDI and VOLKSWAGEN, where we offer a professional and quality service for the repair and maintenance of your vehicle.<\/p>\t\t\t\t\t\t\t\t<\/div>\n\t\t\t\t<\/div>\n\t\t\t\t\t<\/div>\n\t\t<\/div>\n\t\t\t\t\t<\/div>\n\t\t<\/section>\n\t\t\t\t<section class=\"elementor-section elementor-top-section elementor-element elementor-element-d0a934f elementor-section-boxed elementor-section-height-default elementor-section-height-default\" data-id=\"d0a934f\" data-element_type=\"section\">\n\t\t\t\t\t\t<div class=\"elementor-container elementor-column-gap-default\">\n\t\t\t\t\t<div class=\"elementor-column elementor-col-100 elementor-top-column elementor-element elementor-element-246c844\" data-id=\"246c844\" data-element_type=\"column\">\n\t\t\t<div class=\"elementor-widget-wrap elementor-element-populated\">\n\t\t\t\t\t\t<div class=\"elementor-element elementor-element-83659e0 elementor-invisible elementor-widget elementor-widget-heading\" data-id=\"83659e0\" data-element_type=\"widget\" data-settings=\"{&quot;_animation&quot;:&quot;fadeInUp&quot;}\" data-widget_type=\"heading.default\">\n\t\t\t\t<div class=\"elementor-widget-container\">\n\t\t\t\t\t<h1 class=\"elementor-heading-title elementor-size-default\">OUR SERVICES<\/h1>\t\t\t\t<\/div>\n\t\t\t\t<\/div>\n\t\t\t\t<div class=\"elementor-element elementor-element-3f993ad elementor-widget-divider--view-line elementor-widget elementor-widget-divider\" data-id=\"3f993ad\" data-element_type=\"widget\" data-widget_type=\"divider.default\">\n\t\t\t\t<div class=\"elementor-widget-container\">\n\t\t\t\t\t\t\t<div class=\"elementor-divider\">\n\t\t\t<span class=\"elementor-divider-separator\">\n\t\t\t\t\t\t<\/span>\n\t\t<\/div>\n\t\t\t\t\t\t<\/div>\n\t\t\t\t<\/div>\n\t\t\t\t<section class=\"elementor-section elementor-inner-section elementor-element elementor-element-4f551ed elementor-section-boxed elementor-section-height-default elementor-section-height-default\" data-id=\"4f551ed\" data-element_type=\"section\">\n\t\t\t\t\t\t<div class=\"elementor-container elementor-column-gap-default\">\n\t\t\t\t\t<div class=\"elementor-column elementor-col-100 elementor-inner-column elementor-element elementor-element-a821200\" data-id=\"a821200\" data-element_type=\"column\">\n\t\t\t<div class=\"elementor-widget-wrap elementor-element-populated\">\n\t\t\t\t\t\t<div class=\"elementor-element elementor-element-d6c331d elementor-align-center elementor-icon-list--layout-traditional elementor-list-item-link-full_width elementor-widget elementor-widget-icon-list\" data-id=\"d6c331d\" data-element_type=\"widget\" data-widget_type=\"icon-list.default\">\n\t\t\t\t<div class=\"elementor-widget-container\">\n\t\t\t\t\t\t\t<ul class=\"elementor-icon-list-items\">\n\t\t\t\t\t\t\t<li class=\"elementor-icon-list-item\">\n\t\t\t\t\t\t\t\t\t\t\t<span class=\"elementor-icon-list-icon\">\n\t\t\t\t\t\t\t<i aria-hidden=\"true\" class=\"fas fa-check\"><\/i>\t\t\t\t\t\t<\/span>\n\t\t\t\t\t\t\t\t\t\t<span class=\"elementor-icon-list-text\">AUTOMOBILE REPAIR (MECHANICAL AND ELECTRICAL)<\/span>\n\t\t\t\t\t\t\t\t\t<\/li>\n\t\t\t\t\t\t\t\t<li class=\"elementor-icon-list-item\">\n\t\t\t\t\t\t\t\t\t\t\t<span class=\"elementor-icon-list-icon\">\n\t\t\t\t\t\t\t<i aria-hidden=\"true\" class=\"fas fa-check\"><\/i>\t\t\t\t\t\t<\/span>\n\t\t\t\t\t\t\t\t\t\t<span class=\"elementor-icon-list-text\">MAINTENANCE<\/span>\n\t\t\t\t\t\t\t\t\t<\/li>\n\t\t\t\t\t\t\t\t<li class=\"elementor-icon-list-item\">\n\t\t\t\t\t\t\t\t\t\t\t<span class=\"elementor-icon-list-icon\">\n\t\t\t\t\t\t\t<i aria-hidden=\"true\" class=\"fas fa-check\"><\/i>\t\t\t\t\t\t<\/span>\n\t\t\t\t\t\t\t\t\t\t<span class=\"elementor-icon-list-text\">DIAGNOSIS<\/span>\n\t\t\t\t\t\t\t\t\t<\/li>\n\t\t\t\t\t\t\t\t<li class=\"elementor-icon-list-item\">\n\t\t\t\t\t\t\t\t\t\t\t<span class=\"elementor-icon-list-icon\">\n\t\t\t\t\t\t\t<i aria-hidden=\"true\" class=\"fas fa-check\"><\/i>\t\t\t\t\t\t<\/span>\n\t\t\t\t\t\t\t\t\t\t<span class=\"elementor-icon-list-text\">PRE-MOT<\/span>\n\t\t\t\t\t\t\t\t\t<\/li>\n\t\t\t\t\t\t\t\t<li class=\"elementor-icon-list-item\">\n\t\t\t\t\t\t\t\t\t\t\t<span class=\"elementor-icon-list-icon\">\n\t\t\t\t\t\t\t<i aria-hidden=\"true\" class=\"fas fa-check\"><\/i>\t\t\t\t\t\t<\/span>\n\t\t\t\t\t\t\t\t\t\t<span class=\"elementor-icon-list-text\">TIRES<\/span>\n\t\t\t\t\t\t\t\t\t<\/li>\n\t\t\t\t\t\t\t\t<li class=\"elementor-icon-list-item\">\n\t\t\t\t\t\t\t\t\t\t\t<span class=\"elementor-icon-list-icon\">\n\t\t\t\t\t\t\t<i aria-hidden=\"true\" class=\"fas fa-check\"><\/i>\t\t\t\t\t\t<\/span>\n\t\t\t\t\t\t\t\t\t\t<span class=\"elementor-icon-list-text\">AIR CONDITIONING CHARGING<\/span>\n\t\t\t\t\t\t\t\t\t<\/li>\n\t\t\t\t\t\t\t\t<li class=\"elementor-icon-list-item\">\n\t\t\t\t\t\t\t\t\t\t\t<span class=\"elementor-icon-list-icon\">\n\t\t\t\t\t\t\t<i aria-hidden=\"true\" class=\"fas fa-check\"><\/i>\t\t\t\t\t\t<\/span>\n\t\t\t\t\t\t\t\t\t\t<span class=\"elementor-icon-list-text\">SALE OF USED CARS<\/span>\n\t\t\t\t\t\t\t\t\t<\/li>\n\t\t\t\t\t\t\t\t<li class=\"elementor-icon-list-item\">\n\t\t\t\t\t\t\t\t\t\t\t<span class=\"elementor-icon-list-icon\">\n\t\t\t\t\t\t\t<i aria-hidden=\"true\" class=\"fas fa-check\"><\/i>\t\t\t\t\t\t<\/span>\n\t\t\t\t\t\t\t\t\t\t<span class=\"elementor-icon-list-text\">BRAKE METER<\/span>\n\t\t\t\t\t\t\t\t\t<\/li>\n\t\t\t\t\t\t\t\t<li class=\"elementor-icon-list-item\">\n\t\t\t\t\t\t\t\t\t\t\t<span class=\"elementor-icon-list-icon\">\n\t\t\t\t\t\t\t<i aria-hidden=\"true\" class=\"fas fa-check\"><\/i>\t\t\t\t\t\t<\/span>\n\t\t\t\t\t\t\t\t\t\t<span class=\"elementor-icon-list-text\">ALIGNED<\/span>\n\t\t\t\t\t\t\t\t\t<\/li>\n\t\t\t\t\t\t\t\t<li class=\"elementor-icon-list-item\">\n\t\t\t\t\t\t\t\t\t\t\t<span class=\"elementor-icon-list-icon\">\n\t\t\t\t\t\t\t<i aria-hidden=\"true\" class=\"fas fa-check\"><\/i>\t\t\t\t\t\t<\/span>\n\t\t\t\t\t\t\t\t\t\t<span class=\"elementor-icon-list-text\">SHOCK ABSORBER CHECK<\/span>\n\t\t\t\t\t\t\t\t\t<\/li>\n\t\t\t\t\t\t\t\t<li class=\"elementor-icon-list-item\">\n\t\t\t\t\t\t\t\t\t\t\t<span class=\"elementor-icon-list-icon\">\n\t\t\t\t\t\t\t<i aria-hidden=\"true\" class=\"fas fa-check\"><\/i>\t\t\t\t\t\t<\/span>\n\t\t\t\t\t\t\t\t\t\t<span class=\"elementor-icon-list-text\">PURCHASE AND SALE OF USED VEHICLES<\/span>\n\t\t\t\t\t\t\t\t\t<\/li>\n\t\t\t\t\t\t<\/ul>\n\t\t\t\t\t\t<\/div>\n\t\t\t\t<\/div>\n\t\t\t\t\t<\/div>\n\t\t<\/div>\n\t\t\t\t\t<\/div>\n\t\t<\/section>\n\t\t\t\t<div class=\"elementor-element elementor-element-b0a734a elementor-widget elementor-widget-image\" data-id=\"b0a734a\" data-element_type=\"widget\" data-widget_type=\"image.default\">\n\t\t\t\t<div class=\"elementor-widget-container\">\n\t\t\t\t\t\t\t\t\t\t\t\t\t\t\t<img decoding=\"async\" width=\"1\" height=\"1\" src=\"https:\/\/carsauto.es\/wp-content\/uploads\/2024\/02\/recurso-12a.svg\" class=\"attachment-large size-large wp-image-13820\" alt=\"\" \/>\t\t\t\t\t\t\t\t\t\t\t\t\t\t\t<\/div>\n\t\t\t\t<\/div>\n\t\t\t\t<div class=\"elementor-element elementor-element-b4aba83 elementor-widget elementor-widget-text-editor\" data-id=\"b4aba83\" data-element_type=\"widget\" data-widget_type=\"text-editor.default\">\n\t\t\t\t<div class=\"elementor-widget-container\">\n\t\t\t\t\t\t\t\t\t<p class=\"p1\"><span style=\"color: var( --e-global-color-2b252ee ); letter-spacing: 0px;\">We belong to the RecOficial network so you can carry out maintenance on your vehicle regardless of its brand, without losing the official warranty.<\/span><br><\/p>\t\t\t\t\t\t\t\t<\/div>\n\t\t\t\t<\/div>\n\t\t\t\t\t<\/div>\n\t\t<\/div>\n\t\t\t\t\t<\/div>\n\t\t<\/section>\n\t\t\t\t<section class=\"elementor-section elementor-top-section elementor-element elementor-element-0db21b8 elementor-section-full_width elementor-section-height-default elementor-section-height-default\" data-id=\"0db21b8\" data-element_type=\"section\">\n\t\t\t\t\t\t<div class=\"elementor-container elementor-column-gap-no\">\n\t\t\t\t\t<div class=\"elementor-column elementor-col-100 elementor-top-column elementor-element elementor-element-5995320\" data-id=\"5995320\" data-element_type=\"column\">\n\t\t\t<div class=\"elementor-widget-wrap elementor-element-populated\">\n\t\t\t\t\t\t<div class=\"elementor-element elementor-element-738bf24 elementor-widget elementor-widget-media-carousel\" data-id=\"738bf24\" data-element_type=\"widget\" data-widget_type=\"media-carousel.default\">\n\t\t\t\t<div class=\"elementor-widget-container\">\n\t\t\t\t\t \t\t\t\t<\/div>\n\t\t\t\t<\/div>\n\t\t\t\t\t<\/div>\n\t\t<\/div>\n\t\t\t\t\t<\/div>\n\t\t<\/section>\n\t\t\t\t<\/div>","protected":false},"excerpt":{"rendered":"<p>TU TALLER DE CONFIANZA CARSAUTO\u00a0es un taller multimarca del autom\u00f3vil especializado en AUDI y VOLKSWAGEN, donde ofrecemos un servicio profesional y de calidad para la reparaci\u00f3n y mantenimiento de su veh\u00edculo. NUESTROS SERVICIOS REPARACION AUTOMOVIL (MECANICA Y ELECTRICIDAD) MANTENIMIENTO DIAGNOSIS PRE-ITV NEUMATICOS CARGA DE AIRE ACONDICIONADO VENTA DE VEHICULOS DE OCASION FRENOMETRO ALINEADO COMPROBACION AMORTIGUADORES [&hellip;]<\/p>","protected":false},"author":5,"featured_media":0,"parent":0,"menu_order":1,"comment_status":"closed","ping_status":"closed","template":"elementor_header_footer","meta":{"footnotes":""},"class_list":["post-13796","page","type-page","status-publish","hentry"],"acf":[],"yoast_head":"<!-- This site is optimized with the Yoast SEO plugin v26.0 - https:\/\/yoast.com\/wordpress\/plugins\/seo\/ -->\n<title>Taller | Cars Auto<\/title>\n<meta name=\"robots\" content=\"index, follow, max-snippet:-1, max-image-preview:large, max-video-preview:-1\" \/>\n<link rel=\"canonical\" href=\"https:\/\/www.carsauto.es\/taller\/\" \/>\n<meta property=\"og:locale\" content=\"en_US\" \/>\n<meta property=\"og:type\" content=\"article\" \/>\n<meta property=\"og:title\" content=\"Taller | Cars Auto\" \/>\n<meta property=\"og:description\" content=\"TU TALLER DE CONFIANZA CARSAUTO\u00a0es un taller multimarca del autom\u00f3vil especializado en AUDI y VOLKSWAGEN, donde ofrecemos un servicio profesional y de calidad para la reparaci\u00f3n y mantenimiento de su veh\u00edculo. NUESTROS SERVICIOS REPARACION AUTOMOVIL (MECANICA Y ELECTRICIDAD) MANTENIMIENTO DIAGNOSIS PRE-ITV NEUMATICOS CARGA DE AIRE ACONDICIONADO VENTA DE VEHICULOS DE OCASION FRENOMETRO ALINEADO COMPROBACION AMORTIGUADORES [&hellip;]\" \/>\n<meta property=\"og:url\" content=\"https:\/\/www.carsauto.es\/taller\/\" \/>\n<meta property=\"og:site_name\" content=\"Cars Auto\" \/>\n<meta property=\"article:modified_time\" content=\"2024-08-12T10:20:23+00:00\" \/>\n<meta property=\"og:image\" content=\"https:\/\/www.carsauto.es\/wp-content\/uploads\/2024\/02\/recurso-12a.svg\" \/>\n<meta name=\"twitter:card\" content=\"summary_large_image\" \/>\n<script type=\"application\/ld+json\" class=\"yoast-schema-graph\">{\"@context\":\"https:\/\/schema.org\",\"@graph\":[{\"@type\":\"WebPage\",\"@id\":\"https:\/\/www.carsauto.es\/taller\/\",\"url\":\"https:\/\/www.carsauto.es\/taller\/\",\"name\":\"Taller | Cars Auto\",\"isPartOf\":{\"@id\":\"https:\/\/www.carsauto.es\/#website\"},\"primaryImageOfPage\":{\"@id\":\"https:\/\/www.carsauto.es\/taller\/#primaryimage\"},\"image\":{\"@id\":\"https:\/\/www.carsauto.es\/taller\/#primaryimage\"},\"thumbnailUrl\":\"https:\/\/www.carsauto.es\/wp-content\/uploads\/2024\/02\/recurso-12a.svg\",\"datePublished\":\"2024-02-28T12:58:11+00:00\",\"dateModified\":\"2024-08-12T10:20:23+00:00\",\"breadcrumb\":{\"@id\":\"https:\/\/www.carsauto.es\/taller\/#breadcrumb\"},\"inLanguage\":\"en-US\",\"potentialAction\":[{\"@type\":\"ReadAction\",\"target\":[\"https:\/\/www.carsauto.es\/taller\/\"]}]},{\"@type\":\"ImageObject\",\"inLanguage\":\"en-US\",\"@id\":\"https:\/\/www.carsauto.es\/taller\/#primaryimage\",\"url\":\"https:\/\/www.carsauto.es\/wp-content\/uploads\/2024\/02\/recurso-12a.svg\",\"contentUrl\":\"https:\/\/www.carsauto.es\/wp-content\/uploads\/2024\/02\/recurso-12a.svg\"},{\"@type\":\"BreadcrumbList\",\"@id\":\"https:\/\/www.carsauto.es\/taller\/#breadcrumb\",\"itemListElement\":[{\"@type\":\"ListItem\",\"position\":1,\"name\":\"Inicio\",\"item\":\"https:\/\/www.carsauto.es\/\"},{\"@type\":\"ListItem\",\"position\":2,\"name\":\"Taller\"}]},{\"@type\":\"WebSite\",\"@id\":\"https:\/\/www.carsauto.es\/#website\",\"url\":\"https:\/\/www.carsauto.es\/\",\"name\":\"Cars Auto\",\"description\":\"| Mec\u00e1nica Alonso\",\"publisher\":{\"@id\":\"https:\/\/www.carsauto.es\/#organization\"},\"potentialAction\":[{\"@type\":\"SearchAction\",\"target\":{\"@type\":\"EntryPoint\",\"urlTemplate\":\"https:\/\/www.carsauto.es\/?s={search_term_string}\"},\"query-input\":{\"@type\":\"PropertyValueSpecification\",\"valueRequired\":true,\"valueName\":\"search_term_string\"}}],\"inLanguage\":\"en-US\"},{\"@type\":\"Organization\",\"@id\":\"https:\/\/www.carsauto.es\/#organization\",\"name\":\"Cars Auto\",\"url\":\"https:\/\/www.carsauto.es\/\",\"logo\":{\"@type\":\"ImageObject\",\"inLanguage\":\"en-US\",\"@id\":\"https:\/\/www.carsauto.es\/#\/schema\/logo\/image\/\",\"url\":\"https:\/\/carsauto.es\/wp-content\/uploads\/2021\/07\/logo-carsauto2.svg\",\"contentUrl\":\"https:\/\/carsauto.es\/wp-content\/uploads\/2021\/07\/logo-carsauto2.svg\",\"caption\":\"Cars Auto\"},\"image\":{\"@id\":\"https:\/\/www.carsauto.es\/#\/schema\/logo\/image\/\"}}]}<\/script>\n<!-- \/ Yoast SEO plugin. -->","yoast_head_json":{"title":"Workshop | Cars Auto","robots":{"index":"index","follow":"follow","max-snippet":"max-snippet:-1","max-image-preview":"max-image-preview:large","max-video-preview":"max-video-preview:-1"},"canonical":"https:\/\/www.carsauto.es\/taller\/","og_locale":"en_US","og_type":"article","og_title":"Taller | Cars Auto","og_description":"TU TALLER DE CONFIANZA CARSAUTO\u00a0es un taller multimarca del autom\u00f3vil especializado en AUDI y VOLKSWAGEN, donde ofrecemos un servicio profesional y de calidad para la reparaci\u00f3n y mantenimiento de su veh\u00edculo. NUESTROS SERVICIOS REPARACION AUTOMOVIL (MECANICA Y ELECTRICIDAD) MANTENIMIENTO DIAGNOSIS PRE-ITV NEUMATICOS CARGA DE AIRE ACONDICIONADO VENTA DE VEHICULOS DE OCASION FRENOMETRO ALINEADO COMPROBACION AMORTIGUADORES [&hellip;]","og_url":"https:\/\/www.carsauto.es\/taller\/","og_site_name":"Cars Auto","article_modified_time":"2024-08-12T10:20:23+00:00","og_image":[{"url":"https:\/\/www.carsauto.es\/wp-content\/uploads\/2024\/02\/recurso-12a.svg","type":"","width":"","height":""}],"twitter_card":"summary_large_image","schema":{"@context":"https:\/\/schema.org","@graph":[{"@type":"WebPage","@id":"https:\/\/www.carsauto.es\/taller\/","url":"https:\/\/www.carsauto.es\/taller\/","name":"Workshop | Cars Auto","isPartOf":{"@id":"https:\/\/www.carsauto.es\/#website"},"primaryImageOfPage":{"@id":"https:\/\/www.carsauto.es\/taller\/#primaryimage"},"image":{"@id":"https:\/\/www.carsauto.es\/taller\/#primaryimage"},"thumbnailUrl":"https:\/\/www.carsauto.es\/wp-content\/uploads\/2024\/02\/recurso-12a.svg","datePublished":"2024-02-28T12:58:11+00:00","dateModified":"2024-08-12T10:20:23+00:00","breadcrumb":{"@id":"https:\/\/www.carsauto.es\/taller\/#breadcrumb"},"inLanguage":"en-US","potentialAction":[{"@type":"ReadAction","target":["https:\/\/www.carsauto.es\/taller\/"]}]},{"@type":"ImageObject","inLanguage":"en-US","@id":"https:\/\/www.carsauto.es\/taller\/#primaryimage","url":"https:\/\/www.carsauto.es\/wp-content\/uploads\/2024\/02\/recurso-12a.svg","contentUrl":"https:\/\/www.carsauto.es\/wp-content\/uploads\/2024\/02\/recurso-12a.svg"},{"@type":"BreadcrumbList","@id":"https:\/\/www.carsauto.es\/taller\/#breadcrumb","itemListElement":[{"@type":"ListItem","position":1,"name":"Inicio","item":"https:\/\/www.carsauto.es\/"},{"@type":"ListItem","position":2,"name":"Taller"}]},{"@type":"WebSite","@id":"https:\/\/www.carsauto.es\/#website","url":"https:\/\/www.carsauto.es\/","name":"Cars Auto","description":"| Alonso Mechanics","publisher":{"@id":"https:\/\/www.carsauto.es\/#organization"},"potentialAction":[{"@type":"SearchAction","target":{"@type":"EntryPoint","urlTemplate":"https:\/\/www.carsauto.es\/?s={search_term_string}"},"query-input":{"@type":"PropertyValueSpecification","valueRequired":true,"valueName":"search_term_string"}}],"inLanguage":"en-US"},{"@type":"Organization","@id":"https:\/\/www.carsauto.es\/#organization","name":"Cars Auto","url":"https:\/\/www.carsauto.es\/","logo":{"@type":"ImageObject","inLanguage":"en-US","@id":"https:\/\/www.carsauto.es\/#\/schema\/logo\/image\/","url":"https:\/\/carsauto.es\/wp-content\/uploads\/2021\/07\/logo-carsauto2.svg","contentUrl":"https:\/\/carsauto.es\/wp-content\/uploads\/2021\/07\/logo-carsauto2.svg","caption":"Cars Auto"},"image":{"@id":"https:\/\/www.carsauto.es\/#\/schema\/logo\/image\/"}}]}},"_links":{"self":[{"href":"https:\/\/carsauto.es\/en\/wp-json\/wp\/v2\/pages\/13796","targetHints":{"allow":["GET"]}}],"collection":[{"href":"https:\/\/carsauto.es\/en\/wp-json\/wp\/v2\/pages"}],"about":[{"href":"https:\/\/carsauto.es\/en\/wp-json\/wp\/v2\/types\/page"}],"author":[{"embeddable":true,"href":"https:\/\/carsauto.es\/en\/wp-json\/wp\/v2\/users\/5"}],"replies":[{"embeddable":true,"href":"https:\/\/carsauto.es\/en\/wp-json\/wp\/v2\/comments?post=13796"}],"version-history":[{"count":5,"href":"https:\/\/carsauto.es\/en\/wp-json\/wp\/v2\/pages\/13796\/revisions"}],"predecessor-version":[{"id":13843,"href":"https:\/\/carsauto.es\/en\/wp-json\/wp\/v2\/pages\/13796\/revisions\/13843"}],"wp:attachment":[{"href":"https:\/\/carsauto.es\/en\/wp-json\/wp\/v2\/media?parent=13796"}],"curies":[{"name":"wp","href":"https:\/\/api.w.org\/{rel}","templated":true}]}}